{"id":109,"date":"2024-08-30T17:56:20","date_gmt":"2024-08-30T15:56:20","guid":{"rendered":"https:\/\/www.xict.it\/?page_id=109"},"modified":"2024-09-18T10:32:46","modified_gmt":"2024-09-18T08:32:46","slug":"tpn","status":"publish","type":"page","link":"https:\/\/www.xict.it\/index.php\/tpn\/","title":{"rendered":"TPN"},"content":{"rendered":"\t\t<div data-elementor-type=\"wp-page\" data-elementor-id=\"109\" class=\"elementor elementor-109\">\n\t\t\t\t<div class=\"elementor-element elementor-element-29bd3ae e-flex e-con-boxed wpr-particle-no wpr-jarallax-no wpr-parallax-no wpr-sticky-section-no e-con e-parent\" data-id=\"29bd3ae\" data-element_type=\"container\" data-settings=\"{&quot;_ha_eqh_enable&quot;:false}\">\n\t\t\t\t\t<div class=\"e-con-inner\">\n\t\t\t\t<div class=\"elementor-element elementor-element-f1619d7 elementor-widget elementor-widget-heading\" data-id=\"f1619d7\" data-element_type=\"widget\" data-widget_type=\"heading.default\">\n\t\t\t\t<div class=\"elementor-widget-container\">\n\t\t\t<style>\/*! elementor - v3.23.0 - 05-08-2024 *\/\n.elementor-heading-title{padding:0;margin:0;line-height:1}.elementor-widget-heading .elementor-heading-title[class*=elementor-size-]>a{color:inherit;font-size:inherit;line-height:inherit}.elementor-widget-heading .elementor-heading-title.elementor-size-small{font-size:15px}.elementor-widget-heading .elementor-heading-title.elementor-size-medium{font-size:19px}.elementor-widget-heading .elementor-heading-title.elementor-size-large{font-size:29px}.elementor-widget-heading .elementor-heading-title.elementor-size-xl{font-size:39px}.elementor-widget-heading .elementor-heading-title.elementor-size-xxl{font-size:59px}<\/style><h1 class=\"elementor-heading-title elementor-size-default\">Trusted Partner Network<\/h1>\t\t<\/div>\n\t\t\t\t<\/div>\n\t\t\t\t<div class=\"elementor-element elementor-element-8c15033 elementor-widget elementor-widget-text-editor\" data-id=\"8c15033\" data-element_type=\"widget\" data-widget_type=\"text-editor.default\">\n\t\t\t\t<div class=\"elementor-widget-container\">\n\t\t\t<style>\/*! elementor - v3.23.0 - 05-08-2024 *\/\n.elementor-widget-text-editor.elementor-drop-cap-view-stacked .elementor-drop-cap{background-color:#69727d;color:#fff}.elementor-widget-text-editor.elementor-drop-cap-view-framed .elementor-drop-cap{color:#69727d;border:3px solid;background-color:transparent}.elementor-widget-text-editor:not(.elementor-drop-cap-view-default) .elementor-drop-cap{margin-top:8px}.elementor-widget-text-editor:not(.elementor-drop-cap-view-default) .elementor-drop-cap-letter{width:1em;height:1em}.elementor-widget-text-editor .elementor-drop-cap{float:left;text-align:center;line-height:1;font-size:50px}.elementor-widget-text-editor .elementor-drop-cap-letter{display:inline-block}<\/style>\t\t\t\t<p style=\"box-sizing: inherit; font-size: 16px; font-style: normal; font-weight: 400; margin-right: auto; margin-left: auto; max-width: var(--wp--custom--ast-content-width-size); color: #334155; font-family: -apple-system, 'system-ui', 'Segoe UI', Roboto, Oxygen-Sans, Ubuntu, Cantarell, 'Helvetica Neue', sans-serif;\">La Trusted Partner Network (TPN) \u00e8 un&#8217;iniziativa globale lanciata dall&#8217;Motion Picture Association (MPA) e dalla Content Delivery &amp; Security Association (CDSA) per migliorare la protezione dei contenuti cinematografici e televisivi attraverso tutta la catena di distribuzione e produzione. La TPN aiuta a prevenire le perdite di contenuti, proteggendo i diritti e gli investimenti dei creatori.<\/p>\t\t\t\t\t\t<\/div>\n\t\t\t\t<\/div>\n\t\t\t\t\t<\/div>\n\t\t\t\t<\/div>\n\t\t<div class=\"elementor-element elementor-element-c2912ce e-flex e-con-boxed wpr-particle-no wpr-jarallax-no wpr-parallax-no wpr-sticky-section-no e-con e-parent\" data-id=\"c2912ce\" data-element_type=\"container\" data-settings=\"{&quot;_ha_eqh_enable&quot;:false}\">\n\t\t\t\t\t<div class=\"e-con-inner\">\n\t\t<div class=\"elementor-element elementor-element-35c20b3 e-con-full e-flex wpr-particle-no wpr-jarallax-no wpr-parallax-no wpr-sticky-section-no e-con e-child\" data-id=\"35c20b3\" data-element_type=\"container\" data-settings=\"{&quot;_ha_eqh_enable&quot;:false}\">\n\t\t\t\t<div class=\"elementor-element elementor-element-ea651cb elementor-widget elementor-widget-text-editor\" data-id=\"ea651cb\" data-element_type=\"widget\" data-widget_type=\"text-editor.default\">\n\t\t\t\t<div class=\"elementor-widget-container\">\n\t\t\t\t\t\t\t<h3 style=\"box-sizing: inherit; font-style: normal; margin-right: auto; margin-left: auto; max-width: var(--wp--custom--ast-content-width-size); font-family: -apple-system, 'system-ui', 'Segoe UI', Roboto, Oxygen-Sans, Ubuntu, Cantarell, 'Helvetica Neue', sans-serif;\"><span style=\"box-sizing: inherit; font-weight: bolder;\">A chi \u00e8 rivolta la TPN?<\/span><\/h3><p>La TPN \u00e8 rivolta a:<\/p><ul><li><strong>Fornitori di servizi<\/strong> che lavorano nell&#8217;industria dell&#8217;intrattenimento, inclusi produttori di contenuti, studi cinematografici, distributori, e fornitori di servizi post-produzione.<\/li><li><strong>Produttori indipendenti<\/strong> e piccoli studi che desiderano lavorare con grandi distributori o trasmettitori, garantendo che il loro modo di gestire il contenuto sia sicuro.<\/li><li><strong>Qualsiasi azienda<\/strong> che partecipa alla catena di fornitura del contenuto, dallo sviluppo iniziale fino alla distribuzione finale.<\/li><\/ul>\t\t\t\t\t\t<\/div>\n\t\t\t\t<\/div>\n\t\t\t\t<\/div>\n\t\t<div class=\"elementor-element elementor-element-be22066 e-con-full e-flex wpr-particle-no wpr-jarallax-no wpr-parallax-no wpr-sticky-section-no e-con e-child\" data-id=\"be22066\" data-element_type=\"container\" data-settings=\"{&quot;_ha_eqh_enable&quot;:false}\">\n\t\t\t\t<div class=\"elementor-element elementor-element-645e62a elementor-widget elementor-widget-text-editor\" data-id=\"645e62a\" data-element_type=\"widget\" data-widget_type=\"text-editor.default\">\n\t\t\t\t<div class=\"elementor-widget-container\">\n\t\t\t\t\t\t\t<h3 class=\"wp-block-heading\" style=\"box-sizing: inherit; font-style: normal; margin-right: auto; margin-left: auto; max-width: var(--wp--custom--ast-content-width-size); font-family: -apple-system, 'system-ui', 'Segoe UI', Roboto, Oxygen-Sans, Ubuntu, Cantarell, 'Helvetica Neue', sans-serif;\"><span style=\"box-sizing: inherit; font-weight: bolder;\">Cosa prevede la TPN?<\/span><\/h3>\n<p>La TPN stabilisce una serie di &#8220;best practices&#8221; per la sicurezza dei contenuti, che includono:<\/p>\n<ol>\n<li><strong>Gestione della sicurezza fisica e digitale<\/strong>: Assicurarsi che gli accessi fisici e digitali ai contenuti siano ben gestiti e protetti.<\/li>\n<li><strong>Formazione sulla sicurezza<\/strong>: Formare regolarmente i dipendenti sulle migliori pratiche di sicurezza e sulle minacce emergenti.<\/li>\n<li><strong>Valutazioni di sicurezza<\/strong>: Sottoporsi a valutazioni di sicurezza periodiche per identificare e mitigare potenziali vulnerabilit\u00e0.<\/li>\n<li><strong>Risposta agli incidenti<\/strong>: Avere procedure chiare per la risposta a eventuali violazioni di sicurezza, includendo la notifica agli stakeholder appropriati.<\/li>\n<\/ol>\t\t\t\t\t\t<\/div>\n\t\t\t\t<\/div>\n\t\t\t\t<\/div>\n\t\t\t\t\t<\/div>\n\t\t\t\t<\/div>\n\t\t<div class=\"elementor-element elementor-element-3960a96 e-flex e-con-boxed wpr-particle-no wpr-jarallax-no wpr-parallax-no wpr-sticky-section-no e-con e-parent\" data-id=\"3960a96\" data-element_type=\"container\" data-settings=\"{&quot;_ha_eqh_enable&quot;:false}\">\n\t\t\t\t\t<div class=\"e-con-inner\">\n\t\t<div class=\"elementor-element elementor-element-b4bb0c5 e-con-full e-flex wpr-particle-no wpr-jarallax-no wpr-parallax-no wpr-sticky-section-no e-con e-child\" data-id=\"b4bb0c5\" data-element_type=\"container\" data-settings=\"{&quot;_ha_eqh_enable&quot;:false}\">\n\t\t\t\t<div class=\"elementor-element elementor-element-dbbe907 elementor-widget elementor-widget-text-editor\" data-id=\"dbbe907\" data-element_type=\"widget\" data-widget_type=\"text-editor.default\">\n\t\t\t\t<div class=\"elementor-widget-container\">\n\t\t\t\t\t\t\t<h3 class=\"wp-block-heading\" style=\"box-sizing: inherit; font-style: normal; margin-right: auto; margin-left: auto; max-width: var(--wp--custom--ast-content-width-size); font-family: -apple-system, 'system-ui', 'Segoe UI', Roboto, Oxygen-Sans, Ubuntu, Cantarell, 'Helvetica Neue', sans-serif;\"><span style=\"box-sizing: inherit; font-weight: bolder;\">Come conformarsi alla TPN<\/span><\/h3><p>Per conformarsi alla TPN, le aziende devono:<\/p><ul><li><strong>Diventare membri della TPN<\/strong>: Registrarsi sul sito della TPN e diventare membri attivi.<\/li><li><strong>Sottoporsi a un audit di sicurezza TPN<\/strong>: Questo audit viene effettuato da assessori qualificati che verificano la conformit\u00e0 alle best practices della TPN.<\/li><li><strong>Risolvere le carenze<\/strong>: Dopo l&#8217;audit, qualsiasi problema di sicurezza identificato deve essere risolto in modo tempestivo per rimanere in conformit\u00e0.<\/li><li><strong>Mantenere la conformit\u00e0<\/strong>: La conformit\u00e0 alla TPN non \u00e8 un evento una tantum ma richiede un impegno continuo e rinnovi periodici degli audit.<\/li><\/ul><p style=\"box-sizing: inherit; font-size: 16px; font-style: normal; font-weight: 400; margin-right: auto; margin-left: auto; max-width: var(--wp--custom--ast-content-width-size); color: #334155;\">\u00a0<\/p>\t\t\t\t\t\t<\/div>\n\t\t\t\t<\/div>\n\t\t\t\t<\/div>\n\t\t<div class=\"elementor-element elementor-element-9693943 e-con-full e-flex wpr-particle-no wpr-jarallax-no wpr-parallax-no wpr-sticky-section-no e-con e-child\" data-id=\"9693943\" data-element_type=\"container\" data-settings=\"{&quot;_ha_eqh_enable&quot;:false}\">\n\t\t\t\t<div class=\"elementor-element elementor-element-19c6b2c elementor-widget elementor-widget-image\" data-id=\"19c6b2c\" data-element_type=\"widget\" data-widget_type=\"image.default\">\n\t\t\t\t<div class=\"elementor-widget-container\">\n\t\t\t<style>\/*! elementor - v3.23.0 - 05-08-2024 *\/\n.elementor-widget-image{text-align:center}.elementor-widget-image a{display:inline-block}.elementor-widget-image a img[src$=\".svg\"]{width:48px}.elementor-widget-image img{vertical-align:middle;display:inline-block}<\/style>\t\t\t\t\t\t\t\t\t\t<img fetchpriority=\"high\" decoding=\"async\" width=\"1024\" height=\"1024\" src=\"https:\/\/www.xict.it\/wp-content\/uploads\/2024\/09\/TTPN.jpeg\" class=\"attachment-large size-large wp-image-328\" alt=\"Trusted Partner Network\" srcset=\"https:\/\/www.xict.it\/wp-content\/uploads\/2024\/09\/TTPN.jpeg 1024w, https:\/\/www.xict.it\/wp-content\/uploads\/2024\/09\/TTPN-300x300.jpeg 300w, https:\/\/www.xict.it\/wp-content\/uploads\/2024\/09\/TTPN-150x150.jpeg 150w, https:\/\/www.xict.it\/wp-content\/uploads\/2024\/09\/TTPN-768x768.jpeg 768w\" sizes=\"(max-width: 1024px) 100vw, 1024px\" \/>\t\t\t\t\t\t\t\t\t\t\t\t\t<\/div>\n\t\t\t\t<\/div>\n\t\t\t\t<\/div>\n\t\t\t\t\t<\/div>\n\t\t\t\t<\/div>\n\t\t<div class=\"elementor-element elementor-element-7a56caa e-flex e-con-boxed wpr-particle-no wpr-jarallax-no wpr-parallax-no wpr-sticky-section-no e-con e-parent\" data-id=\"7a56caa\" data-element_type=\"container\" data-settings=\"{&quot;_ha_eqh_enable&quot;:false}\">\n\t\t\t\t\t<div class=\"e-con-inner\">\n\t\t\t\t<div class=\"elementor-element elementor-element-1e0ae36 elementor-widget elementor-widget-text-editor\" data-id=\"1e0ae36\" data-element_type=\"widget\" data-widget_type=\"text-editor.default\">\n\t\t\t\t<div class=\"elementor-widget-container\">\n\t\t\t\t\t\t\t<p>Il processo di conformit\u00e0 alla TPN dimostra un impegno serio verso la sicurezza dei contenuti e pu\u00f2 migliorare la reputazione di un&#8217;azienda nell&#8217;industria dell&#8217;intrattenimento, oltre a offrire maggiori opportunit\u00e0 di collaborazione con grandi studi e distributori che richiedono elevati standard di sicurezza.<\/p><p><span style=\"font-style: inherit; font-weight: inherit; font-family: var( --e-global-typography-text-font-family ), Sans-serif; text-align: var(--text-align); background-color: var(--ast-global-color-5); color: #334155;\">Puoi scaricare le\u00a0<\/span><span style=\"color: #334155;\">Best Practices MPA Content Security aggiornate, gestite dalla TPN direttamente da\u00a0<\/span><a style=\"font-family: var( --e-global-typography-text-font-family ), Sans-serif; font-weight: var( --e-global-typography-text-font-weight ); text-align: var(--text-align); font-size: 1rem;\" href=\"https:\/\/www.ttpn.org\/links-resources\/\" target=\"_blank\" rel=\"noopener\">QUI<\/a>.<\/p>\t\t\t\t\t\t<\/div>\n\t\t\t\t<\/div>\n\t\t\t\t\t<\/div>\n\t\t\t\t<\/div>\n\t\t\t\t<\/div>\n\t\t","protected":false},"excerpt":{"rendered":"<p>Trusted Partner Network La Trusted Partner Network (TPN) \u00e8 un&#8217;iniziativa globale lanciata dall&#8217;Motion Picture Association (MPA) e dalla Content Delivery &amp; Security Association (CDSA) per migliorare la protezione dei contenuti cinematografici e televisivi attraverso tutta la catena di distribuzione e produzione. La TPN aiuta a prevenire le perdite di contenuti, proteggendo i diritti e gli investimenti dei creatori. A chi \u00e8 rivolta la TPN? La TPN \u00e8 rivolta a: Fornitori di servizi che lavorano nell&#8217;industria dell&#8217;intrattenimento, inclusi produttori di contenuti, studi cinematografici, distributori, e fornitori di servizi post-produzione. Produttori indipendenti e piccoli studi che desiderano lavorare con grandi distributori o trasmettitori, garantendo che il loro modo di gestire il contenuto sia sicuro. Qualsiasi azienda che partecipa alla catena di fornitura del contenuto, dallo sviluppo iniziale fino alla distribuzione finale. Cosa prevede la TPN? La TPN stabilisce una serie di &#8220;best practices&#8221; per la sicurezza dei contenuti, che includono: Gestione della sicurezza fisica e digitale: Assicurarsi che gli accessi fisici e digitali ai contenuti siano ben gestiti e protetti. Formazione sulla sicurezza: Formare regolarmente i dipendenti sulle migliori pratiche di sicurezza e sulle minacce emergenti. Valutazioni di sicurezza: Sottoporsi a valutazioni di sicurezza periodiche per identificare e mitigare potenziali vulnerabilit\u00e0. Risposta agli incidenti: Avere procedure chiare per la risposta a eventuali violazioni di sicurezza, includendo la notifica agli stakeholder appropriati. Come conformarsi alla TPN Per conformarsi alla TPN, le aziende devono: Diventare membri della TPN: Registrarsi sul sito della TPN e diventare membri attivi. Sottoporsi a un audit di sicurezza TPN: Questo audit viene effettuato da assessori qualificati che verificano la conformit\u00e0 alle best practices della TPN. Risolvere le carenze: Dopo l&#8217;audit, qualsiasi problema di sicurezza identificato deve essere risolto in modo tempestivo per rimanere in conformit\u00e0. Mantenere la conformit\u00e0: La conformit\u00e0 alla TPN non \u00e8 un evento una tantum ma richiede un impegno continuo e rinnovi periodici degli audit. \u00a0 Il processo di conformit\u00e0 alla TPN dimostra un impegno serio verso la sicurezza dei contenuti e pu\u00f2 migliorare la reputazione di un&#8217;azienda nell&#8217;industria dell&#8217;intrattenimento, oltre a offrire maggiori opportunit\u00e0 di collaborazione con grandi studi e distributori che richiedono elevati standard di sicurezza. Puoi scaricare le\u00a0Best Practices MPA Content Security aggiornate, gestite dalla TPN direttamente da\u00a0QUI.<\/p>\n","protected":false},"author":3,"featured_media":0,"parent":0,"menu_order":0,"comment_status":"closed","ping_status":"closed","template":"","meta":{"site-sidebar-layout":"no-sidebar","site-content-layout":"","ast-site-content-layout":"full-width-container","site-content-style":"default","site-sidebar-style":"default","ast-global-header-display":"","ast-banner-title-visibility":"","ast-main-header-display":"","ast-hfb-above-header-display":"","ast-hfb-below-header-display":"","ast-hfb-mobile-header-display":"","site-post-title":"disabled","ast-breadcrumbs-content":"","ast-featured-img":"disabled","footer-sml-layout":"","theme-transparent-header-meta":"","adv-header-id-meta":"","stick-header-meta":"","header-above-stick-meta":"","header-main-stick-meta":"","header-below-stick-meta":"","astra-migrate-meta-layouts":"default","ast-page-background-enabled":"default","ast-page-background-meta":{"desktop":{"background-color":"var(--ast-global-color-4)","background-image":"","background-repeat":"repeat","background-position":"center center","background-size":"auto","background-attachment":"scroll","background-type":"","background-media":"","overlay-type":"","overlay-color":"","overlay-opacity":"","overlay-gradient":""},"tablet":{"background-color":"","background-image":"","background-repeat":"repeat","background-position":"center center","background-size":"auto","background-attachment":"scroll","background-type":"","background-media":"","overlay-type":"","overlay-color":"","overlay-opacity":"","overlay-gradient":""},"mobile":{"background-color":"","background-image":"","background-repeat":"repeat","background-position":"center center","background-size":"auto","background-attachment":"scroll","background-type":"","background-media":"","overlay-type":"","overlay-color":"","overlay-opacity":"","overlay-gradient":""}},"ast-content-background-meta":{"desktop":{"background-color":"var(--ast-global-color-5)","background-image":"","background-repeat":"repeat","background-position":"center center","background-size":"auto","background-attachment":"scroll","background-type":"","background-media":"","overlay-type":"","overlay-color":"","overlay-opacity":"","overlay-gradient":""},"tablet":{"background-color":"var(--ast-global-color-5)","background-image":"","background-repeat":"repeat","background-position":"center center","background-size":"auto","background-attachment":"scroll","background-type":"","background-media":"","overlay-type":"","overlay-color":"","overlay-opacity":"","overlay-gradient":""},"mobile":{"background-color":"var(--ast-global-color-5)","background-image":"","background-repeat":"repeat","background-position":"center center","background-size":"auto","background-attachment":"scroll","background-type":"","background-media":"","overlay-type":"","overlay-color":"","overlay-opacity":"","overlay-gradient":""}},"episode_type":"","audio_file":"","cover_image":"","cover_image_id":"","duration":"","filesize":"","date_recorded":"","explicit":"","block":"","filesize_raw":"","footnotes":""},"class_list":["post-109","page","type-page","status-publish","hentry"],"_links":{"self":[{"href":"https:\/\/www.xict.it\/index.php\/wp-json\/wp\/v2\/pages\/109","targetHints":{"allow":["GET"]}}],"collection":[{"href":"https:\/\/www.xict.it\/index.php\/wp-json\/wp\/v2\/pages"}],"about":[{"href":"https:\/\/www.xict.it\/index.php\/wp-json\/wp\/v2\/types\/page"}],"author":[{"embeddable":true,"href":"https:\/\/www.xict.it\/index.php\/wp-json\/wp\/v2\/users\/3"}],"replies":[{"embeddable":true,"href":"https:\/\/www.xict.it\/index.php\/wp-json\/wp\/v2\/comments?post=109"}],"version-history":[{"count":36,"href":"https:\/\/www.xict.it\/index.php\/wp-json\/wp\/v2\/pages\/109\/revisions"}],"predecessor-version":[{"id":354,"href":"https:\/\/www.xict.it\/index.php\/wp-json\/wp\/v2\/pages\/109\/revisions\/354"}],"wp:attachment":[{"href":"https:\/\/www.xict.it\/index.php\/wp-json\/wp\/v2\/media?parent=109"}],"curies":[{"name":"wp","href":"https:\/\/api.w.org\/{rel}","templated":true}]}}